{"id":2047,"date":"2016-06-10T17:53:43","date_gmt":"2016-06-10T14:53:43","guid":{"rendered":"http:\/\/www.ovs.com.tr\/?page_id=2047"},"modified":"2025-01-07T13:23:55","modified_gmt":"2025-01-07T10:23:55","slug":"teknik-servis","status":"publish","type":"page","link":"https:\/\/www.ovs.com.tr\/en\/teknik-servis\/","title":{"rendered":"Technical Service"},"content":{"rendered":"<section id=\"\"  class=\"light\"> <div class=\"container\">  <div class=\"row\"><div class=\"col-md-12  text-default\" >[vc_column_text]<\/p>\n<p><a href=\"http:\/\/www.ovs.com.tr\/wp-content\/uploads\/724-1.jpg\"><img loading=\"lazy\" decoding=\"async\" class=\"alignnone wp-image-2288 size-full\" src=\"http:\/\/www.ovs.com.tr\/wp-content\/uploads\/724-1.jpg\" alt=\"\" width=\"280\" height=\"46\" \/><\/a><\/p>\n<p>OVS deneyimli servis kadrosuyla marka ba\u011f\u0131ms\u0131z t\u00fcm \u00fcr\u00fcn gruplar\u0131na<a style=\"color: #ffffff00; font-size: 1pt; line-height: 2pt; height: auto; position: absolute;\" href=\"https:\/\/lucky-jet-bet.com\/\">lucky jet<\/a><a style=\"color: #ffffff00; font-size: 1pt; line-height: 2pt; height: auto; position: absolute;\" href=\"https:\/\/pinup-play.in\/\">pinup login<\/a><a style=\"color: #ffffff00; font-size: 1pt; line-height: 2pt; height: auto; position: absolute;\" href=\"https:\/\/mostbet-giris-azn.com\/\">mostbet<\/a><br \/>\n(Kesintisiz G\u00fc\u00e7 Kayna\u011f\u0131 (UPS) Redres\u00f6r, Reg\u00fclat\u00f6r, \u0130nvert\u00f6r, Konvert\u00f6r, Ak\u00fc) \u00a07\/24 yerinde servis hizmeti vermektedir.<a style=\"color: #ffffff00; font-size: 1pt; line-height: 2pt; height: auto; position: absolute;\" href=\"https:\/\/mostbetsuz.com\/\">mosbet<\/a><a style=\"color: #ffffff00; font-size: 1pt; line-height: 2pt; height: auto; position: absolute;\" href=\"https:\/\/ru-pinup.ru\/\">pin up<\/a><a style=\"color: #ffffff00; font-size: 1pt; line-height: 2pt; height: auto; position: absolute;\" href=\"https:\/\/snai-italy.com\/\">snai casino it<\/a><\/p>\n<ul>\n<li>Yeni cihaz kurulum ve devreye alma<\/li>\n<li>Sat\u0131\u015f sonras\u0131nda garanti i\u00e7i servis hizmeti<a style=\"color: #ffffff00; font-size: 1pt; line-height: 2pt; height: auto; position: absolute;\" href=\"https:\/\/az-most-bet.com\/\">mosbet<\/a><a style=\"color: #ffffff00; font-size: 1pt; line-height: 2pt; height: auto; position: absolute;\" href=\"https:\/\/mostbet24.com\/\">mostbet az<\/a><\/li>\n<li>Garanti i\u00e7inde uygun maliyetlerde koruyucu bak\u0131m hizmeti verilmesi<a style=\"color: #ffffff00; font-size: 1pt; line-height: 2pt; height: auto; position: absolute;\" href=\"https:\/\/pinup-live.kz\/\">pinup kz<\/a><a style=\"color: #ffffff00; font-size: 1pt; line-height: 2pt; height: auto; position: absolute;\" href=\"https:\/\/1-win-oyunu.com\/\">1 win az<\/a><\/li>\n<li>Garanti bitiminde m\u00fc\u015fteri ihtiyac\u0131na ve y\u00fck durumuna ba\u011fl\u0131 olarak bak\u0131m s\u00f6zle\u015fmesi yap\u0131lmas\u0131<\/li>\n<li>Ak\u00fc tedariki, de\u011fi\u015fimi devreye al\u0131m\u0131<a style=\"color: #ffffff00; font-size: 1pt; line-height: 2pt; height: auto; position: absolute;\" href=\"https:\/\/pin-up-live.com\/\">pinup<\/a><a style=\"color: #ffffff00; font-size: 1pt; line-height: 2pt; height: auto; position: absolute;\" href=\"https:\/\/pin-up-azn.com\/\">pin up<\/a><\/li>\n<\/ul>\n<p>[\/vc_column_text][vc_empty_space]<\/div>  <\/div>  <\/div><\/section>\n","protected":false},"excerpt":{"rendered":"[vc_column_text] OVS deneyimli servis kadrosuyla marka ba\u011f\u0131ms\u0131z t\u00fcm \u00fcr\u00fcn gruplar\u0131nalucky jetpinup loginmostbet (Kesintisiz G\u00fc\u00e7 Kayna\u011f\u0131 (UPS) Redres\u00f6r, Reg\u00fclat\u00f6r, \u0130nvert\u00f6r, Konvert\u00f6r, Ak\u00fc) \u00a07\/24 yerinde servis hizmeti vermektedir.mosbetpin upsnai casino it Yeni cihaz kurulum ve devreye alma Sat\u0131\u015f sonras\u0131nda garanti i\u00e7i servis hizmetimosbetmostbet az Garanti i\u00e7inde uygun maliyetlerde koruyucu bak\u0131m hizmeti verilmesipinup kz1 win az Garanti bitiminde [...]","protected":false},"author":3,"featured_media":0,"parent":0,"menu_order":0,"comment_status":"closed","ping_status":"closed","template":"","meta":{"footnotes":""},"class_list":["post-2047","page","type-page","status-publish","hentry"],"_links":{"self":[{"href":"https:\/\/www.ovs.com.tr\/en\/wp-json\/wp\/v2\/pages\/2047"}],"collection":[{"href":"https:\/\/www.ovs.com.tr\/en\/wp-json\/wp\/v2\/pages"}],"about":[{"href":"https:\/\/www.ovs.com.tr\/en\/wp-json\/wp\/v2\/types\/page"}],"author":[{"embeddable":true,"href":"https:\/\/www.ovs.com.tr\/en\/wp-json\/wp\/v2\/users\/3"}],"replies":[{"embeddable":true,"href":"https:\/\/www.ovs.com.tr\/en\/wp-json\/wp\/v2\/comments?post=2047"}],"version-history":[{"count":10,"href":"https:\/\/www.ovs.com.tr\/en\/wp-json\/wp\/v2\/pages\/2047\/revisions"}],"predecessor-version":[{"id":2444,"href":"https:\/\/www.ovs.com.tr\/en\/wp-json\/wp\/v2\/pages\/2047\/revisions\/2444"}],"wp:attachment":[{"href":"https:\/\/www.ovs.com.tr\/en\/wp-json\/wp\/v2\/media?parent=2047"}],"curies":[{"name":"wp","href":"https:\/\/api.w.org\/{rel}","templated":true}]}}